{"id":371,"date":"2019-05-14T19:50:54","date_gmt":"2019-05-14T19:50:54","guid":{"rendered":"http:\/\/desarrollo.dlabra.com\/?page_id=371"},"modified":"2022-01-05T21:57:08","modified_gmt":"2022-01-05T21:57:08","slug":"nosotros","status":"publish","type":"page","link":"https:\/\/www.dlabra.com\/en\/nosotros\/","title":{"rendered":"Nosotros"},"content":{"rendered":"<div data-elementor-type=\"wp-post\" data-elementor-id=\"371\" class=\"elementor elementor-371\" data-elementor-settings=\"[]\">\n\t\t\t<div class=\"elementor-inner\">\n\t\t\t\t<div class=\"elementor-section-wrap\">\n\t\t\t\t\t\t\t<section class=\"elementor-element elementor-element-64ffa83 elementor-section-boxed elementor-section-height-default elementor-section-height-default elementor-invisible elementor-section elementor-top-section\" data-id=\"64ffa83\" data-element_type=\"section\" data-settings=\"{&quot;animation&quot;:&quot;fadeInDown&quot;}\">\n\t\t\t\t\t\t<div class=\"elementor-container elementor-column-gap-default\">\n\t\t\t\t<div class=\"elementor-row\">\n\t\t\t\t<div class=\"elementor-element elementor-element-2c2211a elementor-column elementor-col-66 elementor-top-column\" data-id=\"2c2211a\" data-element_type=\"column\">\n\t\t\t<div class=\"elementor-column-wrap  elementor-element-populated\">\n\t\t\t\t\t<div class=\"elementor-widget-wrap\">\n\t\t\t\t<div class=\"elementor-element elementor-element-bacec84 elementor-widget elementor-widget-image\" data-id=\"bacec84\" data-element_type=\"widget\" data-widget_type=\"image.default\">\n\t\t\t\t<div class=\"elementor-widget-container\">\n\t\t\t\t\t<div class=\"elementor-image\">\n\t\t\t\t\t\t\t\t\t\t<img width=\"1024\" height=\"653\" src=\"https:\/\/www.dlabra.com\/wp-content\/uploads\/2020\/03\/ABOUT-US.jpg\" class=\"attachment-large size-large\" alt=\"\" loading=\"lazy\" srcset=\"https:\/\/www.dlabra.com\/wp-content\/uploads\/2020\/03\/ABOUT-US.jpg 1200w, https:\/\/www.dlabra.com\/wp-content\/uploads\/2020\/03\/ABOUT-US-300x191.jpg 300w, https:\/\/www.dlabra.com\/wp-content\/uploads\/2020\/03\/ABOUT-US-768x490.jpg 768w, https:\/\/www.dlabra.com\/wp-content\/uploads\/2020\/03\/ABOUT-US-1024x653.jpg 1024w\" sizes=\"(max-width: 1024px) 100vw, 1024px\" \/>\t\t\t\t\t\t\t\t\t\t\t<\/div>\n\t\t\t\t<\/div>\n\t\t\t\t<\/div>\n\t\t\t\t\t\t<\/div>\n\t\t\t<\/div>\n\t\t<\/div>\n\t\t\t\t<div class=\"elementor-element elementor-element-54cbd53 elementor-column elementor-col-33 elementor-top-column\" data-id=\"54cbd53\" data-element_type=\"column\">\n\t\t\t<div class=\"elementor-column-wrap  elementor-element-populated\">\n\t\t\t\t\t<div class=\"elementor-widget-wrap\">\n\t\t\t\t<div class=\"elementor-element elementor-element-052c3ba elementor-widget elementor-widget-image\" data-id=\"052c3ba\" data-element_type=\"widget\" data-widget_type=\"image.default\">\n\t\t\t\t<div class=\"elementor-widget-container\">\n\t\t\t\t\t<div class=\"elementor-image\">\n\t\t\t\t\t\t\t\t\t\t<img width=\"600\" height=\"800\" src=\"https:\/\/www.dlabra.com\/wp-content\/uploads\/2019\/05\/1.jpg\" class=\"attachment-large size-large\" alt=\"\" loading=\"lazy\" srcset=\"https:\/\/www.dlabra.com\/wp-content\/uploads\/2019\/05\/1.jpg 600w, https:\/\/www.dlabra.com\/wp-content\/uploads\/2019\/05\/1-225x300.jpg 225w\" sizes=\"(max-width: 600px) 100vw, 600px\" \/>\t\t\t\t\t\t\t\t\t\t\t<\/div>\n\t\t\t\t<\/div>\n\t\t\t\t<\/div>\n\t\t\t\t\t\t<\/div>\n\t\t\t<\/div>\n\t\t<\/div>\n\t\t\t\t\t\t<\/div>\n\t\t\t<\/div>\n\t\t<\/section>\n\t\t\t\t<section class=\"elementor-element elementor-element-7447e23 elementor-section-boxed elementor-section-height-default elementor-section-height-default elementor-invisible elementor-section elementor-top-section\" data-id=\"7447e23\" data-element_type=\"section\" data-settings=\"{&quot;animation&quot;:&quot;fadeInDown&quot;}\">\n\t\t\t\t\t\t<div class=\"elementor-container elementor-column-gap-default\">\n\t\t\t\t<div class=\"elementor-row\">\n\t\t\t\t<div class=\"elementor-element elementor-element-7e48c51 elementor-column elementor-col-50 elementor-top-column\" data-id=\"7e48c51\" data-element_type=\"column\">\n\t\t\t<div class=\"elementor-column-wrap  elementor-element-populated\">\n\t\t\t\t\t<div class=\"elementor-widget-wrap\">\n\t\t\t\t<div class=\"elementor-element elementor-element-bae4f64 elementor-widget elementor-widget-image\" data-id=\"bae4f64\" data-element_type=\"widget\" data-widget_type=\"image.default\">\n\t\t\t\t<div class=\"elementor-widget-container\">\n\t\t\t\t\t<div class=\"elementor-image\">\n\t\t\t\t\t\t\t\t\t\t<img width=\"1024\" height=\"502\" src=\"https:\/\/www.dlabra.com\/wp-content\/uploads\/2019\/07\/GRUPAL-DLABRA-1024x502.jpg\" class=\"attachment-large size-large\" alt=\"\" loading=\"lazy\" srcset=\"https:\/\/www.dlabra.com\/wp-content\/uploads\/2019\/07\/GRUPAL-DLABRA-1024x502.jpg 1024w, https:\/\/www.dlabra.com\/wp-content\/uploads\/2019\/07\/GRUPAL-DLABRA-300x147.jpg 300w, https:\/\/www.dlabra.com\/wp-content\/uploads\/2019\/07\/GRUPAL-DLABRA-768x376.jpg 768w, https:\/\/www.dlabra.com\/wp-content\/uploads\/2019\/07\/GRUPAL-DLABRA.jpg 1400w\" sizes=\"(max-width: 1024px) 100vw, 1024px\" \/>\t\t\t\t\t\t\t\t\t\t\t<\/div>\n\t\t\t\t<\/div>\n\t\t\t\t<\/div>\n\t\t\t\t\t\t<\/div>\n\t\t\t<\/div>\n\t\t<\/div>\n\t\t\t\t<div class=\"elementor-element elementor-element-e5bc31d elementor-column elementor-col-50 elementor-top-column\" data-id=\"e5bc31d\" data-element_type=\"column\">\n\t\t\t<div class=\"elementor-column-wrap  elementor-element-populated\">\n\t\t\t\t\t<div class=\"elementor-widget-wrap\">\n\t\t\t\t<section class=\"elementor-element elementor-element-e475833 elementor-section-boxed elementor-section-height-default elementor-section-height-default elementor-section elementor-inner-section\" data-id=\"e475833\" data-element_type=\"section\" data-settings=\"{&quot;background_background&quot;:&quot;classic&quot;}\">\n\t\t\t\t\t\t<div class=\"elementor-container elementor-column-gap-default\">\n\t\t\t\t<div class=\"elementor-row\">\n\t\t\t\t<div class=\"elementor-element elementor-element-86b0d12 elementor-column elementor-col-100 elementor-inner-column\" data-id=\"86b0d12\" data-element_type=\"column\">\n\t\t\t<div class=\"elementor-column-wrap  elementor-element-populated\">\n\t\t\t\t\t<div class=\"elementor-widget-wrap\">\n\t\t\t\t<div class=\"elementor-element elementor-element-193aee2 elementor-widget elementor-widget-heading\" data-id=\"193aee2\" data-element_type=\"widget\" data-widget_type=\"heading.default\">\n\t\t\t\t<div class=\"elementor-widget-container\">\n\t\t\t<h2 class=\"elementor-heading-title elementor-size-medium\">CORPORATIVO D'LABRA S.A. DE C.V.<\/h2>\t\t<\/div>\n\t\t\t\t<\/div>\n\t\t\t\t\t\t<\/div>\n\t\t\t<\/div>\n\t\t<\/div>\n\t\t\t\t\t\t<\/div>\n\t\t\t<\/div>\n\t\t<\/section>\n\t\t\t\t<section class=\"elementor-element elementor-element-03e8e88 elementor-section-boxed elementor-section-height-default elementor-section-height-default elementor-section elementor-inner-section\" data-id=\"03e8e88\" data-element_type=\"section\">\n\t\t\t\t\t\t<div class=\"elementor-container elementor-column-gap-default\">\n\t\t\t\t<div class=\"elementor-row\">\n\t\t\t\t<div class=\"elementor-element elementor-element-4379ab8 elementor-column elementor-col-100 elementor-inner-column\" data-id=\"4379ab8\" data-element_type=\"column\">\n\t\t\t<div class=\"elementor-column-wrap  elementor-element-populated\">\n\t\t\t\t\t<div class=\"elementor-widget-wrap\">\n\t\t\t\t<div class=\"elementor-element elementor-element-a80bc7d elementor-widget elementor-widget-text-editor\" data-id=\"a80bc7d\" data-element_type=\"widget\" data-widget_type=\"text-editor.default\">\n\t\t\t\t<div class=\"elementor-widget-container\">\n\t\t\t\t\t<div class=\"elementor-text-editor elementor-clearfix\"><div style=\"text-align: left;\"><div>\u00a0<\/div><ul><li>DE LABRA OBRAS Y PROYECTOS S.A. DE C.V.<\/li><li>GRUPO INMOBILIARIO DE LABRA S.A.P.I. DE C.V.<\/li><li>CONTACTO DE LABRA S.C.<\/li><\/ul><\/div><\/div>\n\t\t\t\t<\/div>\n\t\t\t\t<\/div>\n\t\t\t\t\t\t<\/div>\n\t\t\t<\/div>\n\t\t<\/div>\n\t\t\t\t\t\t<\/div>\n\t\t\t<\/div>\n\t\t<\/section>\n\t\t\t\t\t\t<\/div>\n\t\t\t<\/div>\n\t\t<\/div>\n\t\t\t\t\t\t<\/div>\n\t\t\t<\/div>\n\t\t<\/section>\n\t\t\t\t<section class=\"elementor-element elementor-element-7c1c293 elementor-section-boxed elementor-section-height-default elementor-section-height-default elementor-invisible elementor-section elementor-top-section\" data-id=\"7c1c293\" data-element_type=\"section\" data-settings=\"{&quot;background_background&quot;:&quot;classic&quot;,&quot;animation&quot;:&quot;fadeInDown&quot;}\">\n\t\t\t\t\t\t<div class=\"elementor-container elementor-column-gap-default\">\n\t\t\t\t<div class=\"elementor-row\">\n\t\t\t\t<div class=\"elementor-element elementor-element-37bca29 elementor-column elementor-col-100 elementor-top-column\" data-id=\"37bca29\" data-element_type=\"column\">\n\t\t\t<div class=\"elementor-column-wrap  elementor-element-populated\">\n\t\t\t\t\t<div class=\"elementor-widget-wrap\">\n\t\t\t\t<div class=\"elementor-element elementor-element-fba4703 elementor-widget elementor-widget-heading\" data-id=\"fba4703\" data-element_type=\"widget\" data-widget_type=\"heading.default\">\n\t\t\t\t<div class=\"elementor-widget-container\">\n\t\t\t<h2 class=\"elementor-heading-title elementor-size-default\">Our Professional Team makes a difference.<\/h2>\t\t<\/div>\n\t\t\t\t<\/div>\n\t\t\t\t\t\t<\/div>\n\t\t\t<\/div>\n\t\t<\/div>\n\t\t\t\t\t\t<\/div>\n\t\t\t<\/div>\n\t\t<\/section>\n\t\t\t\t<section class=\"elementor-element elementor-element-a404656 elementor-section-boxed elementor-section-height-default elementor-section-height-default elementor-invisible elementor-section elementor-top-section\" data-id=\"a404656\" data-element_type=\"section\" data-settings=\"{&quot;animation&quot;:&quot;fadeInDown&quot;}\">\n\t\t\t\t\t\t<div class=\"elementor-container elementor-column-gap-default\">\n\t\t\t\t<div class=\"elementor-row\">\n\t\t\t\t<div class=\"elementor-element elementor-element-273720a elementor-column elementor-col-25 elementor-top-column\" data-id=\"273720a\" data-element_type=\"column\">\n\t\t\t<div class=\"elementor-column-wrap  elementor-element-populated\">\n\t\t\t\t\t<div class=\"elementor-widget-wrap\">\n\t\t\t\t<div class=\"elementor-element elementor-element-3c3d507 elementor-vertical-align-middle elementor-position-top elementor-widget elementor-widget-image-box\" data-id=\"3c3d507\" data-element_type=\"widget\" data-widget_type=\"image-box.default\">\n\t\t\t\t<div class=\"elementor-widget-container\">\n\t\t\t<div class=\"elementor-image-box-wrapper\"><figure class=\"elementor-image-box-img\"><img width=\"600\" height=\"833\" src=\"https:\/\/www.dlabra.com\/wp-content\/uploads\/2019\/06\/director-general.jpg\" class=\"attachment-full size-full\" alt=\"\" loading=\"lazy\" srcset=\"https:\/\/www.dlabra.com\/wp-content\/uploads\/2019\/06\/director-general.jpg 600w, https:\/\/www.dlabra.com\/wp-content\/uploads\/2019\/06\/director-general-216x300.jpg 216w\" sizes=\"(max-width: 600px) 100vw, 600px\" \/><\/figure><div class=\"elementor-image-box-content\"><h3 class=\"elementor-image-box-title\">GUILLERMO INFANTE<\/h3><p class=\"elementor-image-box-description\">GENERAL MANAGER<br>&nbsp<\/p><\/div><\/div>\t\t<\/div>\n\t\t\t\t<\/div>\n\t\t\t\t\t\t<\/div>\n\t\t\t<\/div>\n\t\t<\/div>\n\t\t\t\t<div class=\"elementor-element elementor-element-3c47f08 elementor-column elementor-col-25 elementor-top-column\" data-id=\"3c47f08\" data-element_type=\"column\">\n\t\t\t<div class=\"elementor-column-wrap  elementor-element-populated\">\n\t\t\t\t\t<div class=\"elementor-widget-wrap\">\n\t\t\t\t<div class=\"elementor-element elementor-element-2238e85 elementor-vertical-align-middle elementor-position-top elementor-widget elementor-widget-image-box\" data-id=\"2238e85\" data-element_type=\"widget\" data-widget_type=\"image-box.default\">\n\t\t\t\t<div class=\"elementor-widget-container\">\n\t\t\t<div class=\"elementor-image-box-wrapper\"><figure class=\"elementor-image-box-img\"><img width=\"600\" height=\"800\" src=\"https:\/\/www.dlabra.com\/wp-content\/uploads\/2019\/05\/14-1.jpg\" class=\"attachment-full size-full\" alt=\"\" loading=\"lazy\" srcset=\"https:\/\/www.dlabra.com\/wp-content\/uploads\/2019\/05\/14-1.jpg 600w, https:\/\/www.dlabra.com\/wp-content\/uploads\/2019\/05\/14-1-225x300.jpg 225w\" sizes=\"(max-width: 600px) 100vw, 600px\" \/><\/figure><div class=\"elementor-image-box-content\"><h3 class=\"elementor-image-box-title\">MAURICIO ZATARAIN<\/h3><p class=\"elementor-image-box-description\">OPERATIONS DIRECTOR<br>&nbsp<\/p><\/div><\/div>\t\t<\/div>\n\t\t\t\t<\/div>\n\t\t\t\t\t\t<\/div>\n\t\t\t<\/div>\n\t\t<\/div>\n\t\t\t\t<div class=\"elementor-element elementor-element-1228621 elementor-column elementor-col-25 elementor-top-column\" data-id=\"1228621\" data-element_type=\"column\">\n\t\t\t<div class=\"elementor-column-wrap  elementor-element-populated\">\n\t\t\t\t\t<div class=\"elementor-widget-wrap\">\n\t\t\t\t<div class=\"elementor-element elementor-element-b6f3a43 elementor-vertical-align-middle elementor-position-top elementor-widget elementor-widget-image-box\" data-id=\"b6f3a43\" data-element_type=\"widget\" data-widget_type=\"image-box.default\">\n\t\t\t\t<div class=\"elementor-widget-container\">\n\t\t\t<div class=\"elementor-image-box-wrapper\"><figure class=\"elementor-image-box-img\"><img width=\"600\" height=\"800\" src=\"https:\/\/www.dlabra.com\/wp-content\/uploads\/2019\/07\/10.jpg\" class=\"attachment-full size-full\" alt=\"\" loading=\"lazy\" srcset=\"https:\/\/www.dlabra.com\/wp-content\/uploads\/2019\/07\/10.jpg 600w, https:\/\/www.dlabra.com\/wp-content\/uploads\/2019\/07\/10-225x300.jpg 225w\" sizes=\"(max-width: 600px) 100vw, 600px\" \/><\/figure><div class=\"elementor-image-box-content\"><h3 class=\"elementor-image-box-title\">RA\u00daL PADILLA<\/h3><p class=\"elementor-image-box-description\">CONTROLS AND BUDGET SUBDIRECTOR<\/p><\/div><\/div>\t\t<\/div>\n\t\t\t\t<\/div>\n\t\t\t\t\t\t<\/div>\n\t\t\t<\/div>\n\t\t<\/div>\n\t\t\t\t<div class=\"elementor-element elementor-element-06abbe5 elementor-column elementor-col-25 elementor-top-column\" data-id=\"06abbe5\" data-element_type=\"column\">\n\t\t\t<div class=\"elementor-column-wrap  elementor-element-populated\">\n\t\t\t\t\t<div class=\"elementor-widget-wrap\">\n\t\t\t\t<div class=\"elementor-element elementor-element-7dc11b1 elementor-vertical-align-middle elementor-position-top elementor-widget elementor-widget-image-box\" data-id=\"7dc11b1\" data-element_type=\"widget\" data-widget_type=\"image-box.default\">\n\t\t\t\t<div class=\"elementor-widget-container\">\n\t\t\t<div class=\"elementor-image-box-wrapper\"><figure class=\"elementor-image-box-img\"><img width=\"900\" height=\"1200\" src=\"https:\/\/www.dlabra.com\/wp-content\/uploads\/2019\/05\/8.jpg\" class=\"attachment-full size-full\" alt=\"\" loading=\"lazy\" srcset=\"https:\/\/www.dlabra.com\/wp-content\/uploads\/2019\/05\/8.jpg 900w, https:\/\/www.dlabra.com\/wp-content\/uploads\/2019\/05\/8-225x300.jpg 225w, https:\/\/www.dlabra.com\/wp-content\/uploads\/2019\/05\/8-768x1024.jpg 768w\" sizes=\"(max-width: 900px) 100vw, 900px\" \/><\/figure><div class=\"elementor-image-box-content\"><h3 class=\"elementor-image-box-title\">CHRISTIAN CONRADO<\/h3><p class=\"elementor-image-box-description\">PROJECT MANAGER<\/p><\/div><\/div>\t\t<\/div>\n\t\t\t\t<\/div>\n\t\t\t\t\t\t<\/div>\n\t\t\t<\/div>\n\t\t<\/div>\n\t\t\t\t\t\t<\/div>\n\t\t\t<\/div>\n\t\t<\/section>\n\t\t\t\t<section class=\"elementor-element elementor-element-f9dc977 elementor-section-boxed elementor-section-height-default elementor-section-height-default elementor-invisible elementor-section elementor-top-section\" data-id=\"f9dc977\" data-element_type=\"section\" data-settings=\"{&quot;animation&quot;:&quot;fadeInDown&quot;}\">\n\t\t\t\t\t\t<div class=\"elementor-container elementor-column-gap-default\">\n\t\t\t\t<div class=\"elementor-row\">\n\t\t\t\t<div class=\"elementor-element elementor-element-e951e2f elementor-column elementor-col-25 elementor-top-column\" data-id=\"e951e2f\" data-element_type=\"column\">\n\t\t\t<div class=\"elementor-column-wrap  elementor-element-populated\">\n\t\t\t\t\t<div class=\"elementor-widget-wrap\">\n\t\t\t\t<div class=\"elementor-element elementor-element-a7b47e0 elementor-vertical-align-middle elementor-position-top elementor-widget elementor-widget-image-box\" data-id=\"a7b47e0\" data-element_type=\"widget\" data-widget_type=\"image-box.default\">\n\t\t\t\t<div class=\"elementor-widget-container\">\n\t\t\t<div class=\"elementor-image-box-wrapper\"><figure class=\"elementor-image-box-img\"><img width=\"600\" height=\"800\" src=\"https:\/\/www.dlabra.com\/wp-content\/uploads\/2019\/05\/6.jpg\" class=\"attachment-full size-full\" alt=\"\" loading=\"lazy\" srcset=\"https:\/\/www.dlabra.com\/wp-content\/uploads\/2019\/05\/6.jpg 600w, https:\/\/www.dlabra.com\/wp-content\/uploads\/2019\/05\/6-225x300.jpg 225w\" sizes=\"(max-width: 600px) 100vw, 600px\" \/><\/figure><div class=\"elementor-image-box-content\"><h3 class=\"elementor-image-box-title\">ANDR\u00c9S MAC\u00cdAS<\/h3><p class=\"elementor-image-box-description\">CONSTRUCTION MANAGER<\/p><\/div><\/div>\t\t<\/div>\n\t\t\t\t<\/div>\n\t\t\t\t\t\t<\/div>\n\t\t\t<\/div>\n\t\t<\/div>\n\t\t\t\t<div class=\"elementor-element elementor-element-41cb1e7 elementor-column elementor-col-25 elementor-top-column\" data-id=\"41cb1e7\" data-element_type=\"column\">\n\t\t\t<div class=\"elementor-column-wrap  elementor-element-populated\">\n\t\t\t\t\t<div class=\"elementor-widget-wrap\">\n\t\t\t\t<div class=\"elementor-element elementor-element-677e7df elementor-vertical-align-middle elementor-position-top elementor-widget elementor-widget-image-box\" data-id=\"677e7df\" data-element_type=\"widget\" data-widget_type=\"image-box.default\">\n\t\t\t\t<div class=\"elementor-widget-container\">\n\t\t\t<div class=\"elementor-image-box-wrapper\"><figure class=\"elementor-image-box-img\"><img width=\"600\" height=\"800\" src=\"https:\/\/www.dlabra.com\/wp-content\/uploads\/2019\/05\/5.jpg\" class=\"attachment-full size-full\" alt=\"\" loading=\"lazy\" srcset=\"https:\/\/www.dlabra.com\/wp-content\/uploads\/2019\/05\/5.jpg 600w, https:\/\/www.dlabra.com\/wp-content\/uploads\/2019\/05\/5-225x300.jpg 225w\" sizes=\"(max-width: 600px) 100vw, 600px\" \/><\/figure><div class=\"elementor-image-box-content\"><h3 class=\"elementor-image-box-title\">BLANCA SALAS<\/h3><p class=\"elementor-image-box-description\">PURCHASING MANAGER<\/p><\/div><\/div>\t\t<\/div>\n\t\t\t\t<\/div>\n\t\t\t\t\t\t<\/div>\n\t\t\t<\/div>\n\t\t<\/div>\n\t\t\t\t<div class=\"elementor-element elementor-element-43761f6 elementor-column elementor-col-25 elementor-top-column\" data-id=\"43761f6\" data-element_type=\"column\">\n\t\t\t<div class=\"elementor-column-wrap\">\n\t\t\t\t\t<div class=\"elementor-widget-wrap\">\n\t\t\t\t\t\t<\/div>\n\t\t\t<\/div>\n\t\t<\/div>\n\t\t\t\t<div class=\"elementor-element elementor-element-d721ccf elementor-column elementor-col-25 elementor-top-column\" data-id=\"d721ccf\" data-element_type=\"column\">\n\t\t\t<div class=\"elementor-column-wrap\">\n\t\t\t\t\t<div class=\"elementor-widget-wrap\">\n\t\t\t\t\t\t<\/div>\n\t\t\t<\/div>\n\t\t<\/div>\n\t\t\t\t\t\t<\/div>\n\t\t\t<\/div>\n\t\t<\/section>\n\t\t\t\t\t\t<\/div>\n\t\t\t<\/div>\n\t\t<\/div>","protected":false},"excerpt":{"rendered":"<p>CORPORATIVO D&#8217;LABRA S.A. DE C.V. \u00a0 DE LABRA OBRAS Y PROYECTOS S.A. DE C.V. GRUPO INMOBILIARIO DE LABRA S.A.P.I. DE C.V. CONTACTO DE LABRA S.C. Nuestro equipo de profesionales marca la diferencia. GUILLERMO INFANTE DIRECTOR GENERAL&#038;nbsp MAURICIO ZATARAIN DIRECTOR DE OPERACIONES&#038;nbsp RA\u00daL PADILLA SUBDIRECTOR DE CONTROL&nbsp;&nbsp;Y PRESUPUESTOS CHRISTIAN CONRADO PROJECT MANAGER ANDR\u00c9S MAC\u00cdAS GERENTE DE &hellip;<\/p>\n<p class=\"read-more\"> <a class=\"\" href=\"https:\/\/www.dlabra.com\/en\/nosotros\/\"> <span class=\"screen-reader-text\">Nosotros<\/span> Read More &raquo;<\/a><\/p>","protected":false},"author":3,"featured_media":0,"parent":0,"menu_order":0,"comment_status":"closed","ping_status":"closed","template":"","meta":[],"_links":{"self":[{"href":"https:\/\/www.dlabra.com\/en\/wp-json\/wp\/v2\/pages\/371"}],"collection":[{"href":"https:\/\/www.dlabra.com\/en\/wp-json\/wp\/v2\/pages"}],"about":[{"href":"https:\/\/www.dlabra.com\/en\/wp-json\/wp\/v2\/types\/page"}],"author":[{"embeddable":true,"href":"https:\/\/www.dlabra.com\/en\/wp-json\/wp\/v2\/users\/3"}],"replies":[{"embeddable":true,"href":"https:\/\/www.dlabra.com\/en\/wp-json\/wp\/v2\/comments?post=371"}],"version-history":[{"count":82,"href":"https:\/\/www.dlabra.com\/en\/wp-json\/wp\/v2\/pages\/371\/revisions"}],"predecessor-version":[{"id":2230,"href":"https:\/\/www.dlabra.com\/en\/wp-json\/wp\/v2\/pages\/371\/revisions\/2230"}],"wp:attachment":[{"href":"https:\/\/www.dlabra.com\/en\/wp-json\/wp\/v2\/media?parent=371"}],"curies":[{"name":"wp","href":"https:\/\/api.w.org\/{rel}","templated":true}]}}