{"id":142,"date":"2019-04-02T22:40:09","date_gmt":"2019-04-02T22:40:09","guid":{"rendered":"http:\/\/desarrollo.dlabra.com\/?page_id=142"},"modified":"2019-04-02T23:05:51","modified_gmt":"2019-04-02T23:05:51","slug":"construccion-y-remodelacion-de-hoteles","status":"publish","type":"page","link":"https:\/\/www.dlabra.com\/en\/construccion-y-remodelacion-de-hoteles\/","title":{"rendered":"Construccion y remodelacion de hoteles"},"content":{"rendered":"<div data-elementor-type=\"wp-page\" data-elementor-id=\"142\" class=\"elementor elementor-142 elementor-bc-flex-widget\" data-elementor-settings=\"[]\">\n\t\t\t<div class=\"elementor-inner\">\n\t\t\t\t<div class=\"elementor-section-wrap\">\n\t\t\t\t\t\t\t<section class=\"elementor-element elementor-element-5ebe0e6f elementor-section-full_width elementor-section-content-middle elementor-section-height-default elementor-section-height-default elementor-section elementor-top-section\" data-id=\"5ebe0e6f\" data-element_type=\"section\" data-settings=\"{&quot;background_background&quot;:&quot;classic&quot;}\">\n\t\t\t\t\t\t<div class=\"elementor-container elementor-column-gap-default\">\n\t\t\t\t<div class=\"elementor-row\">\n\t\t\t\t<div class=\"elementor-element elementor-element-ca8e66f elementor-column elementor-col-66 elementor-top-column\" data-id=\"ca8e66f\" data-element_type=\"column\">\n\t\t\t<div class=\"elementor-column-wrap  elementor-element-populated\">\n\t\t\t\t\t<div class=\"elementor-widget-wrap\">\n\t\t\t\t<div class=\"elementor-element elementor-element-2167636b elementor-widget elementor-widget-spacer\" data-id=\"2167636b\" data-element_type=\"widget\" data-widget_type=\"spacer.default\">\n\t\t\t\t<div class=\"elementor-widget-container\">\n\t\t\t\t\t<div class=\"elementor-spacer\">\n\t\t\t<div class=\"elementor-spacer-inner\"><\/div>\n\t\t<\/div>\n\t\t\t\t<\/div>\n\t\t\t\t<\/div>\n\t\t\t\t<div class=\"elementor-element elementor-element-6995c962 elementor-invisible elementor-widget elementor-widget-heading\" data-id=\"6995c962\" data-element_type=\"widget\" data-settings=\"{&quot;_animation&quot;:&quot;fadeInDown&quot;}\" data-widget_type=\"heading.default\">\n\t\t\t\t<div class=\"elementor-widget-container\">\n\t\t\t<h2 class=\"elementor-heading-title elementor-size-default\">Construcci\u00f3n y remodelaci\u00f3n de hoteles<\/h2>\t\t<\/div>\n\t\t\t\t<\/div>\n\t\t\t\t<div class=\"elementor-element elementor-element-4aa29e31 elementor-invisible elementor-widget elementor-widget-text-editor\" data-id=\"4aa29e31\" data-element_type=\"widget\" data-settings=\"{&quot;_animation&quot;:&quot;fadeInUp&quot;}\" data-widget_type=\"text-editor.default\">\n\t\t\t\t<div class=\"elementor-widget-container\">\n\t\t\t\t\t<div class=\"elementor-text-editor elementor-clearfix\"><p><span style=\"color: #6c9ab9;\">Contamos con certificaciones de Calidad, Seguridad Industrial y Financieras que, aunado a los m\u00e1s de 20 a\u00f1os de experiencia en el mercado, nos permiten brindar soluciones espec\u00edficas a las necesidades de cada proyecto.<\/span><\/p><\/div>\n\t\t\t\t<\/div>\n\t\t\t\t<\/div>\n\t\t\t\t<div class=\"elementor-element elementor-element-3bbf6d6b elementor-widget elementor-widget-spacer\" data-id=\"3bbf6d6b\" data-element_type=\"widget\" data-widget_type=\"spacer.default\">\n\t\t\t\t<div class=\"elementor-widget-container\">\n\t\t\t\t\t<div class=\"elementor-spacer\">\n\t\t\t<div class=\"elementor-spacer-inner\"><\/div>\n\t\t<\/div>\n\t\t\t\t<\/div>\n\t\t\t\t<\/div>\n\t\t\t\t<div class=\"elementor-element elementor-element-10f96e3 elementor-align-center elementor-widget elementor-widget-button\" data-id=\"10f96e3\" data-element_type=\"widget\" data-widget_type=\"button.default\">\n\t\t\t\t<div class=\"elementor-widget-container\">\n\t\t\t\t\t<div class=\"elementor-button-wrapper\">\n\t\t\t<a href=\"#\" class=\"elementor-button-link elementor-button elementor-size-lg\" role=\"button\">\n\t\t\t\t\t\t<span class=\"elementor-button-content-wrapper\">\n\t\t\t\t\t\t<span class=\"elementor-button-text\">Contactarnos<\/span>\n\t\t<\/span>\n\t\t\t\t\t<\/a>\n\t\t<\/div>\n\t\t\t\t<\/div>\n\t\t\t\t<\/div>\n\t\t\t\t<div class=\"elementor-element elementor-element-3abb9fb elementor-widget elementor-widget-spacer\" data-id=\"3abb9fb\" data-element_type=\"widget\" data-widget_type=\"spacer.default\">\n\t\t\t\t<div class=\"elementor-widget-container\">\n\t\t\t\t\t<div class=\"elementor-spacer\">\n\t\t\t<div class=\"elementor-spacer-inner\"><\/div>\n\t\t<\/div>\n\t\t\t\t<\/div>\n\t\t\t\t<\/div>\n\t\t\t\t\t\t<\/div>\n\t\t\t<\/div>\n\t\t<\/div>\n\t\t\t\t<div class=\"elementor-element elementor-element-52cd0862 elementor-column elementor-col-33 elementor-top-column\" data-id=\"52cd0862\" data-element_type=\"column\">\n\t\t\t<div class=\"elementor-column-wrap\">\n\t\t\t\t\t<div class=\"elementor-widget-wrap\">\n\t\t\t\t\t\t<\/div>\n\t\t\t<\/div>\n\t\t<\/div>\n\t\t\t\t\t\t<\/div>\n\t\t\t<\/div>\n\t\t<\/section>\n\t\t\t\t<section class=\"elementor-element elementor-element-8f11899 elementor-section-boxed elementor-section-height-default elementor-section-height-default elementor-section elementor-top-section\" data-id=\"8f11899\" data-element_type=\"section\">\n\t\t\t\t\t\t<div class=\"elementor-container elementor-column-gap-default\">\n\t\t\t\t<div class=\"elementor-row\">\n\t\t\t\t<div class=\"elementor-element elementor-element-9766727 elementor-column elementor-col-100 elementor-top-column\" data-id=\"9766727\" data-element_type=\"column\">\n\t\t\t<div class=\"elementor-column-wrap  elementor-element-populated\">\n\t\t\t\t\t<div class=\"elementor-widget-wrap\">\n\t\t\t\t<div class=\"elementor-element elementor-element-ba453a6 elementor-widget elementor-widget-spacer\" data-id=\"ba453a6\" data-element_type=\"widget\" data-widget_type=\"spacer.default\">\n\t\t\t\t<div class=\"elementor-widget-container\">\n\t\t\t\t\t<div class=\"elementor-spacer\">\n\t\t\t<div class=\"elementor-spacer-inner\"><\/div>\n\t\t<\/div>\n\t\t\t\t<\/div>\n\t\t\t\t<\/div>\n\t\t\t\t<div class=\"elementor-element elementor-element-28a2390 elementor-widget elementor-widget-heading\" data-id=\"28a2390\" data-element_type=\"widget\" data-widget_type=\"heading.default\">\n\t\t\t\t<div class=\"elementor-widget-container\">\n\t\t\t<h2 class=\"elementor-heading-title elementor-size-xl\">Estos son algunos de los proyectos realizados<\/h2>\t\t<\/div>\n\t\t\t\t<\/div>\n\t\t\t\t<div class=\"elementor-element elementor-element-fe9c3c6 elementor-widget elementor-widget-spacer\" data-id=\"fe9c3c6\" data-element_type=\"widget\" data-widget_type=\"spacer.default\">\n\t\t\t\t<div class=\"elementor-widget-container\">\n\t\t\t\t\t<div class=\"elementor-spacer\">\n\t\t\t<div class=\"elementor-spacer-inner\"><\/div>\n\t\t<\/div>\n\t\t\t\t<\/div>\n\t\t\t\t<\/div>\n\t\t\t\t<div class=\"elementor-element elementor-element-c0318c7 elementor-invisible elementor-widget elementor-widget-image-gallery\" data-id=\"c0318c7\" data-element_type=\"widget\" data-settings=\"{&quot;_animation&quot;:&quot;fadeInDown&quot;}\" data-widget_type=\"image-gallery.default\">\n\t\t\t\t<div class=\"elementor-widget-container\">\n\t\t\t\t\t<div class=\"elementor-image-gallery\">\n\t\t\t<div id='gallery-1' class='gallery galleryid-142 gallery-columns-4 gallery-size-medium'><figure class='gallery-item'>\n\t\t\t<div class='gallery-icon portrait'>\n\t\t\t\t<a data-elementor-open-lightbox=\"yes\" data-elementor-lightbox-slideshow=\"c0318c7\" data-elementor-lightbox-title=\"04\" href='https:\/\/www.dlabra.com\/wp-content\/uploads\/2019\/04\/04.jpeg'><img width=\"192\" height=\"300\" src=\"https:\/\/www.dlabra.com\/wp-content\/uploads\/2019\/04\/04-192x300.jpeg\" class=\"attachment-medium size-medium\" alt=\"\" loading=\"lazy\" aria-describedby=\"gallery-1-148\" srcset=\"https:\/\/www.dlabra.com\/wp-content\/uploads\/2019\/04\/04-192x300.jpeg 192w, https:\/\/www.dlabra.com\/wp-content\/uploads\/2019\/04\/04.jpeg 226w\" sizes=\"(max-width: 192px) 100vw, 192px\" \/><\/a>\n\t\t\t<\/div>\n\t\t\t\t<figcaption class='wp-caption-text gallery-caption' id='gallery-1-148'>\n\t\t\t\tHotel Am\u00e9ricas Guadalajara\n\t\t\t\t<\/figcaption><\/figure><figure class='gallery-item'>\n\t\t\t<div class='gallery-icon landscape'>\n\t\t\t\t<a data-elementor-open-lightbox=\"yes\" data-elementor-lightbox-slideshow=\"c0318c7\" data-elementor-lightbox-title=\"04\" href='https:\/\/www.dlabra.com\/wp-content\/uploads\/2019\/04\/04-1.jpg'><img width=\"300\" height=\"225\" src=\"https:\/\/www.dlabra.com\/wp-content\/uploads\/2019\/04\/04-1-300x225.jpg\" class=\"attachment-medium size-medium\" alt=\"\" loading=\"lazy\" aria-describedby=\"gallery-1-149\" srcset=\"https:\/\/www.dlabra.com\/wp-content\/uploads\/2019\/04\/04-1-300x225.jpg 300w, https:\/\/www.dlabra.com\/wp-content\/uploads\/2019\/04\/04-1.jpg 470w\" sizes=\"(max-width: 300px) 100vw, 300px\" \/><\/a>\n\t\t\t<\/div>\n\t\t\t\t<figcaption class='wp-caption-text gallery-caption' id='gallery-1-149'>\n\t\t\t\tAC Marriot Antea Quer\u00e9taro\n\t\t\t\t<\/figcaption><\/figure><figure class='gallery-item'>\n\t\t\t<div class='gallery-icon portrait'>\n\t\t\t\t<a data-elementor-open-lightbox=\"yes\" data-elementor-lightbox-slideshow=\"c0318c7\" data-elementor-lightbox-title=\"02\" href='https:\/\/www.dlabra.com\/wp-content\/uploads\/2019\/04\/02.jpg'><img width=\"225\" height=\"300\" src=\"https:\/\/www.dlabra.com\/wp-content\/uploads\/2019\/04\/02-225x300.jpg\" class=\"attachment-medium size-medium\" alt=\"\" loading=\"lazy\" aria-describedby=\"gallery-1-150\" srcset=\"https:\/\/www.dlabra.com\/wp-content\/uploads\/2019\/04\/02-225x300.jpg 225w, https:\/\/www.dlabra.com\/wp-content\/uploads\/2019\/04\/02.jpg 265w\" sizes=\"(max-width: 225px) 100vw, 225px\" \/><\/a>\n\t\t\t<\/div>\n\t\t\t\t<figcaption class='wp-caption-text gallery-caption' id='gallery-1-150'>\n\t\t\t\tHotel fiesta Americana Pabell\u00f3n\n\t\t\t\t<\/figcaption><\/figure><figure class='gallery-item'>\n\t\t\t<div class='gallery-icon landscape'>\n\t\t\t\t<a data-elementor-open-lightbox=\"yes\" data-elementor-lightbox-slideshow=\"c0318c7\" data-elementor-lightbox-title=\"01\" href='https:\/\/www.dlabra.com\/wp-content\/uploads\/2019\/04\/01-1.jpg'><img width=\"300\" height=\"225\" src=\"https:\/\/www.dlabra.com\/wp-content\/uploads\/2019\/04\/01-1-300x225.jpg\" class=\"attachment-medium size-medium\" alt=\"\" loading=\"lazy\" aria-describedby=\"gallery-1-151\" srcset=\"https:\/\/www.dlabra.com\/wp-content\/uploads\/2019\/04\/01-1-300x225.jpg 300w, https:\/\/www.dlabra.com\/wp-content\/uploads\/2019\/04\/01-1.jpg 470w\" sizes=\"(max-width: 300px) 100vw, 300px\" \/><\/a>\n\t\t\t<\/div>\n\t\t\t\t<figcaption class='wp-caption-text gallery-caption' id='gallery-1-151'>\n\t\t\t\tHotel Fiesta Inn Vallarta\n\t\t\t\t<\/figcaption><\/figure><figure class='gallery-item'>\n\t\t\t<div class='gallery-icon portrait'>\n\t\t\t\t<a data-elementor-open-lightbox=\"yes\" data-elementor-lightbox-slideshow=\"c0318c7\" data-elementor-lightbox-title=\"03\" href='https:\/\/www.dlabra.com\/wp-content\/uploads\/2019\/04\/03.jpg'><img width=\"169\" height=\"300\" src=\"https:\/\/www.dlabra.com\/wp-content\/uploads\/2019\/04\/03-169x300.jpg\" class=\"attachment-medium size-medium\" alt=\"\" loading=\"lazy\" aria-describedby=\"gallery-1-152\" srcset=\"https:\/\/www.dlabra.com\/wp-content\/uploads\/2019\/04\/03-169x300.jpg 169w, https:\/\/www.dlabra.com\/wp-content\/uploads\/2019\/04\/03.jpg 199w\" sizes=\"(max-width: 169px) 100vw, 169px\" \/><\/a>\n\t\t\t<\/div>\n\t\t\t\t<figcaption class='wp-caption-text gallery-caption' id='gallery-1-152'>\n\t\t\t\tHotel Fiesta Inn Puebla\n\t\t\t\t<\/figcaption><\/figure><figure class='gallery-item'>\n\t\t\t<div class='gallery-icon landscape'>\n\t\t\t\t<a data-elementor-open-lightbox=\"yes\" data-elementor-lightbox-slideshow=\"c0318c7\" data-elementor-lightbox-title=\"02\" href='https:\/\/www.dlabra.com\/wp-content\/uploads\/2019\/04\/02.png'><img width=\"300\" height=\"225\" src=\"https:\/\/www.dlabra.com\/wp-content\/uploads\/2019\/04\/02-300x225.png\" class=\"attachment-medium size-medium\" alt=\"\" loading=\"lazy\" aria-describedby=\"gallery-1-153\" srcset=\"https:\/\/www.dlabra.com\/wp-content\/uploads\/2019\/04\/02-300x225.png 300w, https:\/\/www.dlabra.com\/wp-content\/uploads\/2019\/04\/02.png 470w\" sizes=\"(max-width: 300px) 100vw, 300px\" \/><\/a>\n\t\t\t<\/div>\n\t\t\t\t<figcaption class='wp-caption-text gallery-caption' id='gallery-1-153'>\n\t\t\t\tCamino Real Guanajuato\n\t\t\t\t<\/figcaption><\/figure><figure class='gallery-item'>\n\t\t\t<div class='gallery-icon landscape'>\n\t\t\t\t<a data-elementor-open-lightbox=\"yes\" data-elementor-lightbox-slideshow=\"c0318c7\" data-elementor-lightbox-title=\"02\" href='https:\/\/www.dlabra.com\/wp-content\/uploads\/2019\/04\/02-1.jpg'><img width=\"300\" height=\"225\" src=\"https:\/\/www.dlabra.com\/wp-content\/uploads\/2019\/04\/02-1-300x225.jpg\" class=\"attachment-medium size-medium\" alt=\"\" loading=\"lazy\" aria-describedby=\"gallery-1-154\" srcset=\"https:\/\/www.dlabra.com\/wp-content\/uploads\/2019\/04\/02-1-300x225.jpg 300w, https:\/\/www.dlabra.com\/wp-content\/uploads\/2019\/04\/02-1.jpg 470w\" sizes=\"(max-width: 300px) 100vw, 300px\" \/><\/a>\n\t\t\t<\/div>\n\t\t\t\t<figcaption class='wp-caption-text gallery-caption' id='gallery-1-154'>\n\t\t\t\tHotel ONE Tlaquepaque\n\t\t\t\t<\/figcaption><\/figure><figure class='gallery-item'>\n\t\t\t<div class='gallery-icon portrait'>\n\t\t\t\t<a data-elementor-open-lightbox=\"yes\" data-elementor-lightbox-slideshow=\"c0318c7\" data-elementor-lightbox-title=\"04\" href='https:\/\/www.dlabra.com\/wp-content\/uploads\/2019\/04\/04-2.jpg'><img width=\"225\" height=\"300\" src=\"https:\/\/www.dlabra.com\/wp-content\/uploads\/2019\/04\/04-2-225x300.jpg\" class=\"attachment-medium size-medium\" alt=\"\" loading=\"lazy\" aria-describedby=\"gallery-1-158\" srcset=\"https:\/\/www.dlabra.com\/wp-content\/uploads\/2019\/04\/04-2-225x300.jpg 225w, https:\/\/www.dlabra.com\/wp-content\/uploads\/2019\/04\/04-2.jpg 265w\" sizes=\"(max-width: 225px) 100vw, 225px\" \/><\/a>\n\t\t\t<\/div>\n\t\t\t\t<figcaption class='wp-caption-text gallery-caption' id='gallery-1-158'>\n\t\t\t\tCanc\u00fan Bay Resort\n\t\t\t\t<\/figcaption><\/figure><figure class='gallery-item'>\n\t\t\t<div class='gallery-icon landscape'>\n\t\t\t\t<a data-elementor-open-lightbox=\"yes\" data-elementor-lightbox-slideshow=\"c0318c7\" data-elementor-lightbox-title=\"05\" href='https:\/\/www.dlabra.com\/wp-content\/uploads\/2019\/04\/05.jpg'><img width=\"300\" height=\"225\" src=\"https:\/\/www.dlabra.com\/wp-content\/uploads\/2019\/04\/05-300x225.jpg\" class=\"attachment-medium size-medium\" alt=\"\" loading=\"lazy\" aria-describedby=\"gallery-1-159\" srcset=\"https:\/\/www.dlabra.com\/wp-content\/uploads\/2019\/04\/05-300x225.jpg 300w, https:\/\/www.dlabra.com\/wp-content\/uploads\/2019\/04\/05.jpg 470w\" sizes=\"(max-width: 300px) 100vw, 300px\" \/><\/a>\n\t\t\t<\/div>\n\t\t\t\t<figcaption class='wp-caption-text gallery-caption' id='gallery-1-159'>\n\t\t\t\tHotel Alameda\n\t\t\t\t<\/figcaption><\/figure>\n\t\t<\/div>\n\t\t<\/div>\n\t\t\t\t<\/div>\n\t\t\t\t<\/div>\n\t\t\t\t\t\t<\/div>\n\t\t\t<\/div>\n\t\t<\/div>\n\t\t\t\t\t\t<\/div>\n\t\t\t<\/div>\n\t\t<\/section>\n\t\t\t\t\t\t<\/div>\n\t\t\t<\/div>\n\t\t<\/div>","protected":false},"excerpt":{"rendered":"<p>Construcci\u00f3n y remodelaci\u00f3n de hoteles Contamos con certificaciones de Calidad, Seguridad Industrial y Financieras que, aunado a los m\u00e1s de 20 a\u00f1os de experiencia en el mercado, nos permiten brindar soluciones espec\u00edficas a las necesidades de cada proyecto. Contactarnos Estos son algunos de los proyectos realizados Hotel Am\u00e9ricas Guadalajara Hotel AC Antea Quer\u00e9taro Hotel fiesta &hellip;<\/p>\n<p class=\"read-more\"> <a class=\"\" href=\"https:\/\/www.dlabra.com\/en\/construccion-y-remodelacion-de-hoteles\/\"> <span class=\"screen-reader-text\">Construccion y remodelacion de hoteles<\/span> Read More &raquo;<\/a><\/p>","protected":false},"author":3,"featured_media":0,"parent":0,"menu_order":0,"comment_status":"closed","ping_status":"closed","template":"","meta":[],"_links":{"self":[{"href":"https:\/\/www.dlabra.com\/en\/wp-json\/wp\/v2\/pages\/142"}],"collection":[{"href":"https:\/\/www.dlabra.com\/en\/wp-json\/wp\/v2\/pages"}],"about":[{"href":"https:\/\/www.dlabra.com\/en\/wp-json\/wp\/v2\/types\/page"}],"author":[{"embeddable":true,"href":"https:\/\/www.dlabra.com\/en\/wp-json\/wp\/v2\/users\/3"}],"replies":[{"embeddable":true,"href":"https:\/\/www.dlabra.com\/en\/wp-json\/wp\/v2\/comments?post=142"}],"version-history":[{"count":2,"href":"https:\/\/www.dlabra.com\/en\/wp-json\/wp\/v2\/pages\/142\/revisions"}],"predecessor-version":[{"id":160,"href":"https:\/\/www.dlabra.com\/en\/wp-json\/wp\/v2\/pages\/142\/revisions\/160"}],"wp:attachment":[{"href":"https:\/\/www.dlabra.com\/en\/wp-json\/wp\/v2\/media?parent=142"}],"curies":[{"name":"wp","href":"https:\/\/api.w.org\/{rel}","templated":true}]}}